{"id":3671,"date":"2016-03-02T19:40:44","date_gmt":"2016-03-02T22:40:44","guid":{"rendered":"http:\/\/www.cvi-rio.org.br\/site\/?page_id=3671"},"modified":"2016-04-08T09:19:39","modified_gmt":"2016-04-08T12:19:39","slug":"troca-troca-de-equipamentos","status":"publish","type":"page","link":"https:\/\/www.cvi-rio.org.br\/site\/troca-troca-de-equipamentos\/","title":{"rendered":"Troca-Troca de Equipamentos"},"content":{"rendered":"<p style=\"text-align: justify;\">Aqui voc\u00ea vai encontrar uma rede de troca e doa\u00e7\u00e3o de equipamentos onde pessoas anunciam o que n\u00e3o est\u00e3o mais usando e pessoas podem encontrar o que est\u00e3o precisando.<\/p>\n<p style=\"text-align: justify;\">O CVI-Rio disponibiliza esse espa\u00e7o no site apenas colocando a imagem do equipamento conforme foi enviada pelo anunciante e os contatos do mesmo.<\/p>\n<p style=\"text-align: justify;\">\u00c9 um espa\u00e7o livre para escolhas onde o CVI-Rio n\u00e3o interfere na indica\u00e7\u00e3o do equipamento e nem escolha do usu\u00e1rio e tamb\u00e9m n\u00e3o se responsabiliza pela qualidade do equipamento e negocia\u00e7\u00e3o entre as partes interessadas.<\/p>\n<p style=\"text-align: justify;\">Para anunciar seu equipamento\u00a0entre em contato pelo e-mail:\u00a0<span style=\"color: #ff6600;\"><strong>comunicacao@cvi.puc-rio.br<\/strong><\/span><\/p>\n","protected":false},"excerpt":{"rendered":"<p>Aqui voc\u00ea vai encontrar uma rede de troca e doa\u00e7\u00e3o de equipamentos onde pessoas anunciam o que n\u00e3o est\u00e3o mais usando e pessoas podem encontrar o que est\u00e3o precisando. O CVI-Rio disponibiliza&#8230;<\/p>\n","protected":false},"author":1,"featured_media":0,"parent":0,"menu_order":0,"comment_status":"open","ping_status":"open","template":"","meta":{"_acf_changed":false,"footnotes":""},"class_list":["post-3671","page","type-page","status-publish","hentry"],"acf":[],"yoast_head":"<!-- This site is optimized with the Yoast SEO plugin v26.9 - https:\/\/yoast.com\/product\/yoast-seo-wordpress\/ -->\n<title>Troca-Troca de Equipamentos - CVI-Rio<\/title>\n<meta name=\"description\" content=\"Troca-Troca de Equipamentos\" \/>\n<meta name=\"robots\" content=\"index, follow, max-snippet:-1, max-image-preview:large, max-video-preview:-1\" \/>\n<link rel=\"canonical\" href=\"https:\/\/www.cvi-rio.org.br\/site\/troca-troca-de-equipamentos\/\" \/>\n<meta property=\"og:locale\" content=\"pt_BR\" \/>\n<meta property=\"og:type\" content=\"article\" \/>\n<meta property=\"og:title\" content=\"Troca-Troca de Equipamentos - CVI-Rio\" \/>\n<meta property=\"og:description\" content=\"Troca-Troca de Equipamentos\" \/>\n<meta property=\"og:url\" content=\"https:\/\/www.cvi-rio.org.br\/site\/troca-troca-de-equipamentos\/\" \/>\n<meta property=\"og:site_name\" content=\"CVI-Rio\" \/>\n<meta property=\"article:publisher\" content=\"https:\/\/www.facebook.com\/cvi.rio\" \/>\n<meta property=\"article:modified_time\" content=\"2016-04-08T12:19:39+00:00\" \/>\n<meta property=\"og:image\" content=\"http:\/\/www.cvi-rio.org.br\/site\/wp-content\/uploads\/2016\/03\/logotipo-cvirio.png\" \/>\n<meta name=\"twitter:card\" content=\"summary_large_image\" \/>\n<meta name=\"twitter:site\" content=\"@cvirio\" \/>\n<meta name=\"twitter:label1\" content=\"Est. tempo de leitura\" \/>\n\t<meta name=\"twitter:data1\" content=\"1 minuto\" \/>\n<script type=\"application\/ld+json\" class=\"yoast-schema-graph\">{\"@context\":\"https:\/\/schema.org\",\"@graph\":[{\"@type\":\"WebPage\",\"@id\":\"https:\/\/www.cvi-rio.org.br\/site\/troca-troca-de-equipamentos\/\",\"url\":\"https:\/\/www.cvi-rio.org.br\/site\/troca-troca-de-equipamentos\/\",\"name\":\"Troca-Troca de Equipamentos - CVI-Rio\",\"isPartOf\":{\"@id\":\"https:\/\/www.cvi-rio.org.br\/site\/#website\"},\"datePublished\":\"2016-03-02T22:40:44+00:00\",\"dateModified\":\"2016-04-08T12:19:39+00:00\",\"description\":\"Troca-Troca de Equipamentos\",\"breadcrumb\":{\"@id\":\"https:\/\/www.cvi-rio.org.br\/site\/troca-troca-de-equipamentos\/#breadcrumb\"},\"inLanguage\":\"pt-BR\",\"potentialAction\":[{\"@type\":\"ReadAction\",\"target\":[\"https:\/\/www.cvi-rio.org.br\/site\/troca-troca-de-equipamentos\/\"]}]},{\"@type\":\"BreadcrumbList\",\"@id\":\"https:\/\/www.cvi-rio.org.br\/site\/troca-troca-de-equipamentos\/#breadcrumb\",\"itemListElement\":[{\"@type\":\"ListItem\",\"position\":1,\"name\":\"In\u00edcio\",\"item\":\"https:\/\/www.cvi-rio.org.br\/site\/\"},{\"@type\":\"ListItem\",\"position\":2,\"name\":\"Troca-Troca de Equipamentos\"}]},{\"@type\":\"WebSite\",\"@id\":\"https:\/\/www.cvi-rio.org.br\/site\/#website\",\"url\":\"https:\/\/www.cvi-rio.org.br\/site\/\",\"name\":\"CVI-Rio\",\"description\":\"Sua limita\u00e7\u00e3o n\u00e3o \u00e9 o seu limite.\",\"potentialAction\":[{\"@type\":\"SearchAction\",\"target\":{\"@type\":\"EntryPoint\",\"urlTemplate\":\"https:\/\/www.cvi-rio.org.br\/site\/?s={search_term_string}\"},\"query-input\":{\"@type\":\"PropertyValueSpecification\",\"valueRequired\":true,\"valueName\":\"search_term_string\"}}],\"inLanguage\":\"pt-BR\"}]}<\/script>\n<!-- \/ Yoast SEO plugin. -->","yoast_head_json":{"title":"Troca-Troca de Equipamentos - CVI-Rio","description":"Troca-Troca de Equipamentos","robots":{"index":"index","follow":"follow","max-snippet":"max-snippet:-1","max-image-preview":"max-image-preview:large","max-video-preview":"max-video-preview:-1"},"canonical":"https:\/\/www.cvi-rio.org.br\/site\/troca-troca-de-equipamentos\/","og_locale":"pt_BR","og_type":"article","og_title":"Troca-Troca de Equipamentos - CVI-Rio","og_description":"Troca-Troca de Equipamentos","og_url":"https:\/\/www.cvi-rio.org.br\/site\/troca-troca-de-equipamentos\/","og_site_name":"CVI-Rio","article_publisher":"https:\/\/www.facebook.com\/cvi.rio","article_modified_time":"2016-04-08T12:19:39+00:00","og_image":[{"url":"http:\/\/www.cvi-rio.org.br\/site\/wp-content\/uploads\/2016\/03\/logotipo-cvirio.png","type":"","width":"","height":""}],"twitter_card":"summary_large_image","twitter_site":"@cvirio","twitter_misc":{"Est. tempo de leitura":"1 minuto"},"schema":{"@context":"https:\/\/schema.org","@graph":[{"@type":"WebPage","@id":"https:\/\/www.cvi-rio.org.br\/site\/troca-troca-de-equipamentos\/","url":"https:\/\/www.cvi-rio.org.br\/site\/troca-troca-de-equipamentos\/","name":"Troca-Troca de Equipamentos - CVI-Rio","isPartOf":{"@id":"https:\/\/www.cvi-rio.org.br\/site\/#website"},"datePublished":"2016-03-02T22:40:44+00:00","dateModified":"2016-04-08T12:19:39+00:00","description":"Troca-Troca de Equipamentos","breadcrumb":{"@id":"https:\/\/www.cvi-rio.org.br\/site\/troca-troca-de-equipamentos\/#breadcrumb"},"inLanguage":"pt-BR","potentialAction":[{"@type":"ReadAction","target":["https:\/\/www.cvi-rio.org.br\/site\/troca-troca-de-equipamentos\/"]}]},{"@type":"BreadcrumbList","@id":"https:\/\/www.cvi-rio.org.br\/site\/troca-troca-de-equipamentos\/#breadcrumb","itemListElement":[{"@type":"ListItem","position":1,"name":"In\u00edcio","item":"https:\/\/www.cvi-rio.org.br\/site\/"},{"@type":"ListItem","position":2,"name":"Troca-Troca de Equipamentos"}]},{"@type":"WebSite","@id":"https:\/\/www.cvi-rio.org.br\/site\/#website","url":"https:\/\/www.cvi-rio.org.br\/site\/","name":"CVI-Rio","description":"Sua limita\u00e7\u00e3o n\u00e3o \u00e9 o seu limite.","potentialAction":[{"@type":"SearchAction","target":{"@type":"EntryPoint","urlTemplate":"https:\/\/www.cvi-rio.org.br\/site\/?s={search_term_string}"},"query-input":{"@type":"PropertyValueSpecification","valueRequired":true,"valueName":"search_term_string"}}],"inLanguage":"pt-BR"}]}},"_links":{"self":[{"href":"https:\/\/www.cvi-rio.org.br\/site\/wp-json\/wp\/v2\/pages\/3671","targetHints":{"allow":["GET"]}}],"collection":[{"href":"https:\/\/www.cvi-rio.org.br\/site\/wp-json\/wp\/v2\/pages"}],"about":[{"href":"https:\/\/www.cvi-rio.org.br\/site\/wp-json\/wp\/v2\/types\/page"}],"author":[{"embeddable":true,"href":"https:\/\/www.cvi-rio.org.br\/site\/wp-json\/wp\/v2\/users\/1"}],"replies":[{"embeddable":true,"href":"https:\/\/www.cvi-rio.org.br\/site\/wp-json\/wp\/v2\/comments?post=3671"}],"version-history":[{"count":7,"href":"https:\/\/www.cvi-rio.org.br\/site\/wp-json\/wp\/v2\/pages\/3671\/revisions"}],"predecessor-version":[{"id":4288,"href":"https:\/\/www.cvi-rio.org.br\/site\/wp-json\/wp\/v2\/pages\/3671\/revisions\/4288"}],"wp:attachment":[{"href":"https:\/\/www.cvi-rio.org.br\/site\/wp-json\/wp\/v2\/media?parent=3671"}],"curies":[{"name":"wp","href":"https:\/\/api.w.org\/{rel}","templated":true}]}}