{"id":3558,"date":"2016-02-29T13:18:42","date_gmt":"2016-02-29T16:18:42","guid":{"rendered":"http:\/\/www.cvi-rio.org.br\/site\/?page_id=3558"},"modified":"2016-05-02T14:45:59","modified_gmt":"2016-05-02T17:45:59","slug":"empregabilidade","status":"publish","type":"page","link":"https:\/\/www.cvi-rio.org.br\/site\/empregabilidade\/","title":{"rendered":"Empregabilidade"},"content":{"rendered":"<p style=\"text-align: justify;\">O termo empregabilidade, no ambiente corporativo, designa, de forma ampla, o conjunto de habilidades, conhecimentos e comportamentos que tornam um profissional atrativo para o mercado de trabalho. Neste contexto, o a Empregabilidade, do CVI-Rio, dedica-se a atender \u00e0 demanda do mercado de trabalho por profissionais qualificados, como via de inclus\u00e3o social da pessoa com defici\u00eancia.<\/p>\n<p style=\"text-align: justify;\">Atrav\u00e9s do<span style=\"color: #ff6600;\"> <strong>PROGRAMA DIVERSIDADE NA EMPRESA<\/strong><\/span>, atuamos desde o fortalecimento pessoal e profissional da pessoa com defici\u00eancia passando por desenvolver a qualifica\u00e7\u00e3o profissional destas, potencializando sua inser\u00e7\u00e3o do mercado de trabalho; preparando as empresas, estendendo-se at\u00e9 o per\u00edodo p\u00f3s-encaminhamento para vagas, onde fazemos um acompanhamento deste profissional e seu gestor, o qual chamamos de \u201cEmprego Apoiado\u201d, quebrando barreiras arquitet\u00f4nicas, sociais e humanas.<\/p>\n<p style=\"text-align: justify;\">Agregue valor a sua empresa, invista na Diversidade. Com as pe\u00e7as abaixo monte esse quebra-cabe\u00e7as e veja como podemos colaborar, com sua empresa, nesse sentido.<\/p>\n<p style=\"text-align: justify;\">\n","protected":false},"excerpt":{"rendered":"<p>O termo empregabilidade, no ambiente corporativo, designa, de forma ampla, o conjunto de habilidades, conhecimentos e comportamentos que tornam um profissional atrativo para o mercado de trabalho. Neste contexto, o a Empregabilidade,&#8230;<\/p>\n","protected":false},"author":1,"featured_media":0,"parent":0,"menu_order":0,"comment_status":"open","ping_status":"open","template":"empregabilidade.php","meta":{"_acf_changed":false,"footnotes":""},"class_list":["post-3558","page","type-page","status-publish","hentry"],"acf":[],"yoast_head":"<!-- This site is optimized with the Yoast SEO plugin v26.9 - https:\/\/yoast.com\/product\/yoast-seo-wordpress\/ -->\n<title>Empregabilidade - CVI-Rio<\/title>\n<meta name=\"description\" content=\"Empregabilidade\" \/>\n<meta name=\"robots\" content=\"index, follow, max-snippet:-1, max-image-preview:large, max-video-preview:-1\" \/>\n<link rel=\"canonical\" href=\"https:\/\/www.cvi-rio.org.br\/site\/empregabilidade\/\" \/>\n<meta property=\"og:locale\" content=\"pt_BR\" \/>\n<meta property=\"og:type\" content=\"article\" \/>\n<meta property=\"og:title\" content=\"Empregabilidade - CVI-Rio\" \/>\n<meta property=\"og:description\" content=\"Empregabilidade\" \/>\n<meta property=\"og:url\" content=\"https:\/\/www.cvi-rio.org.br\/site\/empregabilidade\/\" \/>\n<meta property=\"og:site_name\" content=\"CVI-Rio\" \/>\n<meta property=\"article:publisher\" content=\"https:\/\/www.facebook.com\/cvi.rio\" \/>\n<meta property=\"article:modified_time\" content=\"2016-05-02T17:45:59+00:00\" \/>\n<meta property=\"og:image\" content=\"http:\/\/www.cvi-rio.org.br\/site\/wp-content\/uploads\/2016\/03\/logotipo-cvirio.png\" \/>\n<meta name=\"twitter:card\" content=\"summary_large_image\" \/>\n<meta name=\"twitter:site\" content=\"@cvirio\" \/>\n<meta name=\"twitter:label1\" content=\"Est. tempo de leitura\" \/>\n\t<meta name=\"twitter:data1\" content=\"1 minuto\" \/>\n<script type=\"application\/ld+json\" class=\"yoast-schema-graph\">{\"@context\":\"https:\/\/schema.org\",\"@graph\":[{\"@type\":\"WebPage\",\"@id\":\"https:\/\/www.cvi-rio.org.br\/site\/empregabilidade\/\",\"url\":\"https:\/\/www.cvi-rio.org.br\/site\/empregabilidade\/\",\"name\":\"Empregabilidade - CVI-Rio\",\"isPartOf\":{\"@id\":\"https:\/\/www.cvi-rio.org.br\/site\/#website\"},\"datePublished\":\"2016-02-29T16:18:42+00:00\",\"dateModified\":\"2016-05-02T17:45:59+00:00\",\"description\":\"Empregabilidade\",\"breadcrumb\":{\"@id\":\"https:\/\/www.cvi-rio.org.br\/site\/empregabilidade\/#breadcrumb\"},\"inLanguage\":\"pt-BR\",\"potentialAction\":[{\"@type\":\"ReadAction\",\"target\":[\"https:\/\/www.cvi-rio.org.br\/site\/empregabilidade\/\"]}]},{\"@type\":\"BreadcrumbList\",\"@id\":\"https:\/\/www.cvi-rio.org.br\/site\/empregabilidade\/#breadcrumb\",\"itemListElement\":[{\"@type\":\"ListItem\",\"position\":1,\"name\":\"In\u00edcio\",\"item\":\"https:\/\/www.cvi-rio.org.br\/site\/\"},{\"@type\":\"ListItem\",\"position\":2,\"name\":\"Empregabilidade\"}]},{\"@type\":\"WebSite\",\"@id\":\"https:\/\/www.cvi-rio.org.br\/site\/#website\",\"url\":\"https:\/\/www.cvi-rio.org.br\/site\/\",\"name\":\"CVI-Rio\",\"description\":\"Sua limita\u00e7\u00e3o n\u00e3o \u00e9 o seu limite.\",\"potentialAction\":[{\"@type\":\"SearchAction\",\"target\":{\"@type\":\"EntryPoint\",\"urlTemplate\":\"https:\/\/www.cvi-rio.org.br\/site\/?s={search_term_string}\"},\"query-input\":{\"@type\":\"PropertyValueSpecification\",\"valueRequired\":true,\"valueName\":\"search_term_string\"}}],\"inLanguage\":\"pt-BR\"}]}<\/script>\n<!-- \/ Yoast SEO plugin. -->","yoast_head_json":{"title":"Empregabilidade - CVI-Rio","description":"Empregabilidade","robots":{"index":"index","follow":"follow","max-snippet":"max-snippet:-1","max-image-preview":"max-image-preview:large","max-video-preview":"max-video-preview:-1"},"canonical":"https:\/\/www.cvi-rio.org.br\/site\/empregabilidade\/","og_locale":"pt_BR","og_type":"article","og_title":"Empregabilidade - CVI-Rio","og_description":"Empregabilidade","og_url":"https:\/\/www.cvi-rio.org.br\/site\/empregabilidade\/","og_site_name":"CVI-Rio","article_publisher":"https:\/\/www.facebook.com\/cvi.rio","article_modified_time":"2016-05-02T17:45:59+00:00","og_image":[{"url":"http:\/\/www.cvi-rio.org.br\/site\/wp-content\/uploads\/2016\/03\/logotipo-cvirio.png","type":"","width":"","height":""}],"twitter_card":"summary_large_image","twitter_site":"@cvirio","twitter_misc":{"Est. tempo de leitura":"1 minuto"},"schema":{"@context":"https:\/\/schema.org","@graph":[{"@type":"WebPage","@id":"https:\/\/www.cvi-rio.org.br\/site\/empregabilidade\/","url":"https:\/\/www.cvi-rio.org.br\/site\/empregabilidade\/","name":"Empregabilidade - CVI-Rio","isPartOf":{"@id":"https:\/\/www.cvi-rio.org.br\/site\/#website"},"datePublished":"2016-02-29T16:18:42+00:00","dateModified":"2016-05-02T17:45:59+00:00","description":"Empregabilidade","breadcrumb":{"@id":"https:\/\/www.cvi-rio.org.br\/site\/empregabilidade\/#breadcrumb"},"inLanguage":"pt-BR","potentialAction":[{"@type":"ReadAction","target":["https:\/\/www.cvi-rio.org.br\/site\/empregabilidade\/"]}]},{"@type":"BreadcrumbList","@id":"https:\/\/www.cvi-rio.org.br\/site\/empregabilidade\/#breadcrumb","itemListElement":[{"@type":"ListItem","position":1,"name":"In\u00edcio","item":"https:\/\/www.cvi-rio.org.br\/site\/"},{"@type":"ListItem","position":2,"name":"Empregabilidade"}]},{"@type":"WebSite","@id":"https:\/\/www.cvi-rio.org.br\/site\/#website","url":"https:\/\/www.cvi-rio.org.br\/site\/","name":"CVI-Rio","description":"Sua limita\u00e7\u00e3o n\u00e3o \u00e9 o seu limite.","potentialAction":[{"@type":"SearchAction","target":{"@type":"EntryPoint","urlTemplate":"https:\/\/www.cvi-rio.org.br\/site\/?s={search_term_string}"},"query-input":{"@type":"PropertyValueSpecification","valueRequired":true,"valueName":"search_term_string"}}],"inLanguage":"pt-BR"}]}},"_links":{"self":[{"href":"https:\/\/www.cvi-rio.org.br\/site\/wp-json\/wp\/v2\/pages\/3558","targetHints":{"allow":["GET"]}}],"collection":[{"href":"https:\/\/www.cvi-rio.org.br\/site\/wp-json\/wp\/v2\/pages"}],"about":[{"href":"https:\/\/www.cvi-rio.org.br\/site\/wp-json\/wp\/v2\/types\/page"}],"author":[{"embeddable":true,"href":"https:\/\/www.cvi-rio.org.br\/site\/wp-json\/wp\/v2\/users\/1"}],"replies":[{"embeddable":true,"href":"https:\/\/www.cvi-rio.org.br\/site\/wp-json\/wp\/v2\/comments?post=3558"}],"version-history":[{"count":23,"href":"https:\/\/www.cvi-rio.org.br\/site\/wp-json\/wp\/v2\/pages\/3558\/revisions"}],"predecessor-version":[{"id":4632,"href":"https:\/\/www.cvi-rio.org.br\/site\/wp-json\/wp\/v2\/pages\/3558\/revisions\/4632"}],"wp:attachment":[{"href":"https:\/\/www.cvi-rio.org.br\/site\/wp-json\/wp\/v2\/media?parent=3558"}],"curies":[{"name":"wp","href":"https:\/\/api.w.org\/{rel}","templated":true}]}}