{"id":2,"date":"2014-09-25T15:02:43","date_gmt":"2014-09-25T15:02:43","guid":{"rendered":"http:\/\/cerebro\/cvirio\/www\/site\/?page_id=2"},"modified":"2023-10-03T10:12:08","modified_gmt":"2023-10-03T13:12:08","slug":"cvirio","status":"publish","type":"page","link":"https:\/\/www.cvi-rio.org.br\/site\/cvirio\/","title":{"rendered":"O CVI-Rio"},"content":{"rendered":"<p style=\"text-align: justify;\">O Centro de Vida Independente do Rio de Janeiro, mais conhecido como <strong>CVI-Rio<\/strong>, nasce no Brasil em 1988 com o compromisso de empoderar as pessoas com defici\u00eancia, acreditando que <strong>TODOS<\/strong> tem capacidade para gerir a pr\u00f3pria vida, assumir responsabilidades, tomar decis\u00f5es e realizar seus desejos, mesmo que tenham uma defici\u00eancia severa.\u00a0Somos uma associa\u00e7\u00e3o de utilidade p\u00fablica, sem fins lucrativos, que representa o Movimento de Vida Independente na Am\u00e9rica Latina e adota uma perspectiva transformadora: um modelo n\u00e3o assistencial que tem como principal paradigma a inclus\u00e3o social.\u00a0Queremos transformar a representa\u00e7\u00e3o da defici\u00eancia em nossa sociedade para que o indiv\u00edduo seja percebido em sua singularidade, contribuindo para o desenvolvimento e constru\u00e7\u00e3o de um pa\u00eds mais igualit\u00e1rio, por isso, encaramos nosso trabalho com seriedade que \u00e9 nossa marca, mas tamb\u00e9m, alegres e esperan\u00e7osos que o Brasil pode melhorar.<\/p>\n","protected":false},"excerpt":{"rendered":"<p>O Centro de Vida Independente do Rio de Janeiro, mais conhecido como CVI-Rio, nasce no Brasil em 1988 com o compromisso de empoderar as pessoas com defici\u00eancia, acreditando que TODOS tem capacidade&#8230;<\/p>\n","protected":false},"author":1,"featured_media":0,"parent":0,"menu_order":0,"comment_status":"open","ping_status":"open","template":"cvirio.php","meta":{"_acf_changed":false,"footnotes":""},"class_list":["post-2","page","type-page","status-publish","hentry"],"acf":[],"yoast_head":"<!-- This site is optimized with the Yoast SEO plugin v26.9 - https:\/\/yoast.com\/product\/yoast-seo-wordpress\/ -->\n<title>CVI-Rio<\/title>\n<meta name=\"description\" content=\"O CVI-Rio \u00e9 uma associa\u00e7\u00e3o de utilidade p\u00fablica, sem fins lucrativos, fundada em 1988 e liderada por pessoas com defici\u00eancia.\" \/>\n<meta name=\"robots\" content=\"index, follow, max-snippet:-1, max-image-preview:large, max-video-preview:-1\" \/>\n<link rel=\"canonical\" href=\"https:\/\/www.cvi-rio.org.br\/site\/cvirio\/\" \/>\n<meta property=\"og:locale\" content=\"pt_BR\" \/>\n<meta property=\"og:type\" content=\"article\" \/>\n<meta property=\"og:title\" content=\"CVI-Rio\" \/>\n<meta property=\"og:description\" content=\"O CVI-Rio \u00e9 uma associa\u00e7\u00e3o de utilidade p\u00fablica, sem fins lucrativos, fundada em 1988 e liderada por pessoas com defici\u00eancia.\" \/>\n<meta property=\"og:url\" content=\"https:\/\/www.cvi-rio.org.br\/site\/cvirio\/\" \/>\n<meta property=\"og:site_name\" content=\"CVI-Rio\" \/>\n<meta property=\"article:publisher\" content=\"https:\/\/www.facebook.com\/cvi.rio\" \/>\n<meta property=\"article:modified_time\" content=\"2023-10-03T13:12:08+00:00\" \/>\n<meta property=\"og:image\" content=\"http:\/\/www.cvi-rio.org.br\/site\/wp-content\/uploads\/2016\/03\/logotipo-cvirio.png\" \/>\n<meta name=\"twitter:card\" content=\"summary_large_image\" \/>\n<meta name=\"twitter:site\" content=\"@cvirio\" \/>\n<meta name=\"twitter:label1\" content=\"Est. tempo de leitura\" \/>\n\t<meta name=\"twitter:data1\" content=\"1 minuto\" \/>\n<script type=\"application\/ld+json\" class=\"yoast-schema-graph\">{\"@context\":\"https:\/\/schema.org\",\"@graph\":[{\"@type\":\"WebPage\",\"@id\":\"https:\/\/www.cvi-rio.org.br\/site\/cvirio\/\",\"url\":\"https:\/\/www.cvi-rio.org.br\/site\/cvirio\/\",\"name\":\"CVI-Rio\",\"isPartOf\":{\"@id\":\"https:\/\/www.cvi-rio.org.br\/site\/#website\"},\"datePublished\":\"2014-09-25T15:02:43+00:00\",\"dateModified\":\"2023-10-03T13:12:08+00:00\",\"description\":\"O CVI-Rio \u00e9 uma associa\u00e7\u00e3o de utilidade p\u00fablica, sem fins lucrativos, fundada em 1988 e liderada por pessoas com defici\u00eancia.\",\"breadcrumb\":{\"@id\":\"https:\/\/www.cvi-rio.org.br\/site\/cvirio\/#breadcrumb\"},\"inLanguage\":\"pt-BR\",\"potentialAction\":[{\"@type\":\"ReadAction\",\"target\":[\"https:\/\/www.cvi-rio.org.br\/site\/cvirio\/\"]}]},{\"@type\":\"BreadcrumbList\",\"@id\":\"https:\/\/www.cvi-rio.org.br\/site\/cvirio\/#breadcrumb\",\"itemListElement\":[{\"@type\":\"ListItem\",\"position\":1,\"name\":\"In\u00edcio\",\"item\":\"https:\/\/www.cvi-rio.org.br\/site\/\"},{\"@type\":\"ListItem\",\"position\":2,\"name\":\"O CVI-Rio\"}]},{\"@type\":\"WebSite\",\"@id\":\"https:\/\/www.cvi-rio.org.br\/site\/#website\",\"url\":\"https:\/\/www.cvi-rio.org.br\/site\/\",\"name\":\"CVI-Rio\",\"description\":\"Sua limita\u00e7\u00e3o n\u00e3o \u00e9 o seu limite.\",\"potentialAction\":[{\"@type\":\"SearchAction\",\"target\":{\"@type\":\"EntryPoint\",\"urlTemplate\":\"https:\/\/www.cvi-rio.org.br\/site\/?s={search_term_string}\"},\"query-input\":{\"@type\":\"PropertyValueSpecification\",\"valueRequired\":true,\"valueName\":\"search_term_string\"}}],\"inLanguage\":\"pt-BR\"}]}<\/script>\n<!-- \/ Yoast SEO plugin. -->","yoast_head_json":{"title":"CVI-Rio","description":"O CVI-Rio \u00e9 uma associa\u00e7\u00e3o de utilidade p\u00fablica, sem fins lucrativos, fundada em 1988 e liderada por pessoas com defici\u00eancia.","robots":{"index":"index","follow":"follow","max-snippet":"max-snippet:-1","max-image-preview":"max-image-preview:large","max-video-preview":"max-video-preview:-1"},"canonical":"https:\/\/www.cvi-rio.org.br\/site\/cvirio\/","og_locale":"pt_BR","og_type":"article","og_title":"CVI-Rio","og_description":"O CVI-Rio \u00e9 uma associa\u00e7\u00e3o de utilidade p\u00fablica, sem fins lucrativos, fundada em 1988 e liderada por pessoas com defici\u00eancia.","og_url":"https:\/\/www.cvi-rio.org.br\/site\/cvirio\/","og_site_name":"CVI-Rio","article_publisher":"https:\/\/www.facebook.com\/cvi.rio","article_modified_time":"2023-10-03T13:12:08+00:00","og_image":[{"url":"http:\/\/www.cvi-rio.org.br\/site\/wp-content\/uploads\/2016\/03\/logotipo-cvirio.png","type":"","width":"","height":""}],"twitter_card":"summary_large_image","twitter_site":"@cvirio","twitter_misc":{"Est. tempo de leitura":"1 minuto"},"schema":{"@context":"https:\/\/schema.org","@graph":[{"@type":"WebPage","@id":"https:\/\/www.cvi-rio.org.br\/site\/cvirio\/","url":"https:\/\/www.cvi-rio.org.br\/site\/cvirio\/","name":"CVI-Rio","isPartOf":{"@id":"https:\/\/www.cvi-rio.org.br\/site\/#website"},"datePublished":"2014-09-25T15:02:43+00:00","dateModified":"2023-10-03T13:12:08+00:00","description":"O CVI-Rio \u00e9 uma associa\u00e7\u00e3o de utilidade p\u00fablica, sem fins lucrativos, fundada em 1988 e liderada por pessoas com defici\u00eancia.","breadcrumb":{"@id":"https:\/\/www.cvi-rio.org.br\/site\/cvirio\/#breadcrumb"},"inLanguage":"pt-BR","potentialAction":[{"@type":"ReadAction","target":["https:\/\/www.cvi-rio.org.br\/site\/cvirio\/"]}]},{"@type":"BreadcrumbList","@id":"https:\/\/www.cvi-rio.org.br\/site\/cvirio\/#breadcrumb","itemListElement":[{"@type":"ListItem","position":1,"name":"In\u00edcio","item":"https:\/\/www.cvi-rio.org.br\/site\/"},{"@type":"ListItem","position":2,"name":"O CVI-Rio"}]},{"@type":"WebSite","@id":"https:\/\/www.cvi-rio.org.br\/site\/#website","url":"https:\/\/www.cvi-rio.org.br\/site\/","name":"CVI-Rio","description":"Sua limita\u00e7\u00e3o n\u00e3o \u00e9 o seu limite.","potentialAction":[{"@type":"SearchAction","target":{"@type":"EntryPoint","urlTemplate":"https:\/\/www.cvi-rio.org.br\/site\/?s={search_term_string}"},"query-input":{"@type":"PropertyValueSpecification","valueRequired":true,"valueName":"search_term_string"}}],"inLanguage":"pt-BR"}]}},"_links":{"self":[{"href":"https:\/\/www.cvi-rio.org.br\/site\/wp-json\/wp\/v2\/pages\/2","targetHints":{"allow":["GET"]}}],"collection":[{"href":"https:\/\/www.cvi-rio.org.br\/site\/wp-json\/wp\/v2\/pages"}],"about":[{"href":"https:\/\/www.cvi-rio.org.br\/site\/wp-json\/wp\/v2\/types\/page"}],"author":[{"embeddable":true,"href":"https:\/\/www.cvi-rio.org.br\/site\/wp-json\/wp\/v2\/users\/1"}],"replies":[{"embeddable":true,"href":"https:\/\/www.cvi-rio.org.br\/site\/wp-json\/wp\/v2\/comments?post=2"}],"version-history":[{"count":75,"href":"https:\/\/www.cvi-rio.org.br\/site\/wp-json\/wp\/v2\/pages\/2\/revisions"}],"predecessor-version":[{"id":10522,"href":"https:\/\/www.cvi-rio.org.br\/site\/wp-json\/wp\/v2\/pages\/2\/revisions\/10522"}],"wp:attachment":[{"href":"https:\/\/www.cvi-rio.org.br\/site\/wp-json\/wp\/v2\/media?parent=2"}],"curies":[{"name":"wp","href":"https:\/\/api.w.org\/{rel}","templated":true}]}}