{"id":1897,"date":"2015-08-12T12:18:27","date_gmt":"2015-08-12T15:18:27","guid":{"rendered":"http:\/\/www.cvi-rio.org.br\/site\/?page_id=1897"},"modified":"2019-06-26T16:12:06","modified_gmt":"2019-06-26T19:12:06","slug":"suporte-entre-pares","status":"publish","type":"page","link":"https:\/\/www.cvi-rio.org.br\/site\/suporte-entre-pares\/","title":{"rendered":"Suporte entre pares"},"content":{"rendered":"<p style=\"text-align: justify;\"><span style=\"font-weight: 400;\">O Setor de <\/span><b>Suporte entre Pares<\/b><span style=\"font-weight: 400;\"> \u00e9 a base do Movimento de Vida Independente. O que significa isto? Em muitas situa\u00e7\u00f5es cr\u00f4nicas, entre elas as pessoas com defici\u00eancia (PcD), a orienta\u00e7\u00e3o de uma pessoa em situa\u00e7\u00e3o semelhante e mais experiente pode facilitar em muito a vida de um PcD. Como escolher uma cadeira de rodas adequada em rela\u00e7\u00e3o a custo\/benef\u00edcio; como lidar com a perda da sensibilidade; como enfrentar a quest\u00e3o da sexualidade, entre tantas outras d\u00favidas. O PcD ser\u00e1 apoiado por um par, da\u00ed o nome. <\/span><b>O Suporte entre Pares<\/b><span style=\"font-weight: 400;\"> \u00e9 um trabalho volunt\u00e1rio e um dos principais pap\u00e9is dos centros que lidam com vida independente. Resgatar essas conversas \u00e9 um dos objetivos centrais do CVI-Rio. <\/span><\/p>\n","protected":false},"excerpt":{"rendered":"<p>O Setor de Suporte entre Pares \u00e9 a base do Movimento de Vida Independente. O que significa isto? Em muitas situa\u00e7\u00f5es cr\u00f4nicas, entre elas as pessoas com defici\u00eancia (PcD), a orienta\u00e7\u00e3o de&#8230;<\/p>\n","protected":false},"author":1,"featured_media":0,"parent":0,"menu_order":0,"comment_status":"open","ping_status":"open","template":"suporte-entre-pares.php","meta":{"_acf_changed":false,"footnotes":""},"class_list":["post-1897","page","type-page","status-publish","hentry"],"acf":[],"yoast_head":"<!-- This site is optimized with the Yoast SEO plugin v26.9 - https:\/\/yoast.com\/product\/yoast-seo-wordpress\/ -->\n<title>Suporte entre pares - CVI-Rio<\/title>\n<meta name=\"description\" content=\"Suporte entre pares\" \/>\n<meta name=\"robots\" content=\"index, follow, max-snippet:-1, max-image-preview:large, max-video-preview:-1\" \/>\n<link rel=\"canonical\" href=\"https:\/\/www.cvi-rio.org.br\/site\/suporte-entre-pares\/\" \/>\n<meta property=\"og:locale\" content=\"pt_BR\" \/>\n<meta property=\"og:type\" content=\"article\" \/>\n<meta property=\"og:title\" content=\"Suporte entre pares - CVI-Rio\" \/>\n<meta property=\"og:description\" content=\"Suporte entre pares\" \/>\n<meta property=\"og:url\" content=\"https:\/\/www.cvi-rio.org.br\/site\/suporte-entre-pares\/\" \/>\n<meta property=\"og:site_name\" content=\"CVI-Rio\" \/>\n<meta property=\"article:publisher\" content=\"https:\/\/www.facebook.com\/cvi.rio\" \/>\n<meta property=\"article:modified_time\" content=\"2019-06-26T19:12:06+00:00\" \/>\n<meta property=\"og:image\" content=\"http:\/\/www.cvi-rio.org.br\/site\/wp-content\/uploads\/2016\/03\/logotipo-cvirio.png\" \/>\n<meta name=\"twitter:card\" content=\"summary_large_image\" \/>\n<meta name=\"twitter:site\" content=\"@cvirio\" \/>\n<meta name=\"twitter:label1\" content=\"Est. tempo de leitura\" \/>\n\t<meta name=\"twitter:data1\" content=\"1 minuto\" \/>\n<script type=\"application\/ld+json\" class=\"yoast-schema-graph\">{\"@context\":\"https:\/\/schema.org\",\"@graph\":[{\"@type\":\"WebPage\",\"@id\":\"https:\/\/www.cvi-rio.org.br\/site\/suporte-entre-pares\/\",\"url\":\"https:\/\/www.cvi-rio.org.br\/site\/suporte-entre-pares\/\",\"name\":\"Suporte entre pares - CVI-Rio\",\"isPartOf\":{\"@id\":\"https:\/\/www.cvi-rio.org.br\/site\/#website\"},\"datePublished\":\"2015-08-12T15:18:27+00:00\",\"dateModified\":\"2019-06-26T19:12:06+00:00\",\"description\":\"Suporte entre pares\",\"breadcrumb\":{\"@id\":\"https:\/\/www.cvi-rio.org.br\/site\/suporte-entre-pares\/#breadcrumb\"},\"inLanguage\":\"pt-BR\",\"potentialAction\":[{\"@type\":\"ReadAction\",\"target\":[\"https:\/\/www.cvi-rio.org.br\/site\/suporte-entre-pares\/\"]}]},{\"@type\":\"BreadcrumbList\",\"@id\":\"https:\/\/www.cvi-rio.org.br\/site\/suporte-entre-pares\/#breadcrumb\",\"itemListElement\":[{\"@type\":\"ListItem\",\"position\":1,\"name\":\"In\u00edcio\",\"item\":\"https:\/\/www.cvi-rio.org.br\/site\/\"},{\"@type\":\"ListItem\",\"position\":2,\"name\":\"Suporte entre pares\"}]},{\"@type\":\"WebSite\",\"@id\":\"https:\/\/www.cvi-rio.org.br\/site\/#website\",\"url\":\"https:\/\/www.cvi-rio.org.br\/site\/\",\"name\":\"CVI-Rio\",\"description\":\"Sua limita\u00e7\u00e3o n\u00e3o \u00e9 o seu limite.\",\"potentialAction\":[{\"@type\":\"SearchAction\",\"target\":{\"@type\":\"EntryPoint\",\"urlTemplate\":\"https:\/\/www.cvi-rio.org.br\/site\/?s={search_term_string}\"},\"query-input\":{\"@type\":\"PropertyValueSpecification\",\"valueRequired\":true,\"valueName\":\"search_term_string\"}}],\"inLanguage\":\"pt-BR\"}]}<\/script>\n<!-- \/ Yoast SEO plugin. -->","yoast_head_json":{"title":"Suporte entre pares - CVI-Rio","description":"Suporte entre pares","robots":{"index":"index","follow":"follow","max-snippet":"max-snippet:-1","max-image-preview":"max-image-preview:large","max-video-preview":"max-video-preview:-1"},"canonical":"https:\/\/www.cvi-rio.org.br\/site\/suporte-entre-pares\/","og_locale":"pt_BR","og_type":"article","og_title":"Suporte entre pares - CVI-Rio","og_description":"Suporte entre pares","og_url":"https:\/\/www.cvi-rio.org.br\/site\/suporte-entre-pares\/","og_site_name":"CVI-Rio","article_publisher":"https:\/\/www.facebook.com\/cvi.rio","article_modified_time":"2019-06-26T19:12:06+00:00","og_image":[{"url":"http:\/\/www.cvi-rio.org.br\/site\/wp-content\/uploads\/2016\/03\/logotipo-cvirio.png","type":"","width":"","height":""}],"twitter_card":"summary_large_image","twitter_site":"@cvirio","twitter_misc":{"Est. tempo de leitura":"1 minuto"},"schema":{"@context":"https:\/\/schema.org","@graph":[{"@type":"WebPage","@id":"https:\/\/www.cvi-rio.org.br\/site\/suporte-entre-pares\/","url":"https:\/\/www.cvi-rio.org.br\/site\/suporte-entre-pares\/","name":"Suporte entre pares - CVI-Rio","isPartOf":{"@id":"https:\/\/www.cvi-rio.org.br\/site\/#website"},"datePublished":"2015-08-12T15:18:27+00:00","dateModified":"2019-06-26T19:12:06+00:00","description":"Suporte entre pares","breadcrumb":{"@id":"https:\/\/www.cvi-rio.org.br\/site\/suporte-entre-pares\/#breadcrumb"},"inLanguage":"pt-BR","potentialAction":[{"@type":"ReadAction","target":["https:\/\/www.cvi-rio.org.br\/site\/suporte-entre-pares\/"]}]},{"@type":"BreadcrumbList","@id":"https:\/\/www.cvi-rio.org.br\/site\/suporte-entre-pares\/#breadcrumb","itemListElement":[{"@type":"ListItem","position":1,"name":"In\u00edcio","item":"https:\/\/www.cvi-rio.org.br\/site\/"},{"@type":"ListItem","position":2,"name":"Suporte entre pares"}]},{"@type":"WebSite","@id":"https:\/\/www.cvi-rio.org.br\/site\/#website","url":"https:\/\/www.cvi-rio.org.br\/site\/","name":"CVI-Rio","description":"Sua limita\u00e7\u00e3o n\u00e3o \u00e9 o seu limite.","potentialAction":[{"@type":"SearchAction","target":{"@type":"EntryPoint","urlTemplate":"https:\/\/www.cvi-rio.org.br\/site\/?s={search_term_string}"},"query-input":{"@type":"PropertyValueSpecification","valueRequired":true,"valueName":"search_term_string"}}],"inLanguage":"pt-BR"}]}},"_links":{"self":[{"href":"https:\/\/www.cvi-rio.org.br\/site\/wp-json\/wp\/v2\/pages\/1897","targetHints":{"allow":["GET"]}}],"collection":[{"href":"https:\/\/www.cvi-rio.org.br\/site\/wp-json\/wp\/v2\/pages"}],"about":[{"href":"https:\/\/www.cvi-rio.org.br\/site\/wp-json\/wp\/v2\/types\/page"}],"author":[{"embeddable":true,"href":"https:\/\/www.cvi-rio.org.br\/site\/wp-json\/wp\/v2\/users\/1"}],"replies":[{"embeddable":true,"href":"https:\/\/www.cvi-rio.org.br\/site\/wp-json\/wp\/v2\/comments?post=1897"}],"version-history":[{"count":22,"href":"https:\/\/www.cvi-rio.org.br\/site\/wp-json\/wp\/v2\/pages\/1897\/revisions"}],"predecessor-version":[{"id":8248,"href":"https:\/\/www.cvi-rio.org.br\/site\/wp-json\/wp\/v2\/pages\/1897\/revisions\/8248"}],"wp:attachment":[{"href":"https:\/\/www.cvi-rio.org.br\/site\/wp-json\/wp\/v2\/media?parent=1897"}],"curies":[{"name":"wp","href":"https:\/\/api.w.org\/{rel}","templated":true}]}}